{"id":2166,"date":"2022-10-16T10:54:00","date_gmt":"2022-10-16T10:54:00","guid":{"rendered":"https:\/\/lenamitsolidou-art.com\/?page_id=2166"},"modified":"2022-11-13T18:54:15","modified_gmt":"2022-11-13T18:54:15","slug":"art-a-porter","status":"publish","type":"page","link":"https:\/\/lenamitsolidou-art.com\/?page_id=2166","title":{"rendered":"Art \u00e0 porter"},"content":{"rendered":"\t\t<div data-elementor-type=\"wp-page\" data-elementor-id=\"2166\" class=\"elementor elementor-2166\">\n\t\t\t\t\t\t\t\t\t<section class=\"elementor-section elementor-top-section elementor-element elementor-element-0d72902 elementor-section-full_width elementor-section-height-default elementor-section-height-default gs-locked-section-no\" data-id=\"0d72902\" data-element_type=\"section\">\n\t\t\t\t\t\t<div class=\"elementor-container elementor-column-gap-default\">\n\t\t\t\t\t<div class=\"elementor-column elementor-col-100 elementor-top-column elementor-element elementor-element-1bbd650\" data-id=\"1bbd650\" data-element_type=\"column\">\n\t\t\t<div class=\"elementor-widget-wrap elementor-element-populated\">\n\t\t\t\t\t\t\t\t<section class=\"elementor-section elementor-inner-section elementor-element elementor-element-a4b9c56 elementor-section-full_width elementor-section-height-default elementor-section-height-default gs-locked-section-no\" data-id=\"a4b9c56\" data-element_type=\"section\">\n\t\t\t\t\t\t<div class=\"elementor-container elementor-column-gap-wider\">\n\t\t\t\t\t<div class=\"elementor-column elementor-col-100 elementor-inner-column elementor-element elementor-element-ac2b242\" data-id=\"ac2b242\" data-element_type=\"column\">\n\t\t\t<div class=\"elementor-widget-wrap elementor-element-populated\">\n\t\t\t\t\t\t\t\t<div class=\"elementor-element elementor-element-5c0faa8 elementor-widget elementor-widget-grada-gallery-images\" data-id=\"5c0faa8\" data-element_type=\"widget\" data-widget_type=\"grada-gallery-images.default\">\n\t\t\t\t<div class=\"elementor-widget-container\">\n\t\t\t            <div class=\"gs-entries-wrapper gs-entries-filter\" data-entries-id=\"5c0faa8\">\n\t            \n                <div class=\"gs-gallery-images gs-gallery-images-info-overlay\">\n\t\t            <div class=\"row isotope-container\" data-entries-source=\"1a9d8867611351facba36e4e5d85b0b9\">\n\t\t\t        <div class=\"iso-item col-lg-4 \" data-col-num=\"3-columns\">\n            <div class=\"gs-gallery-item wow gsFadeIn\" >\n\t            <div class=\"gallery-item-inner type-info-overlay gs-popup\">\n\t\t<div class=\"gallery-item-thumbnail-holder\">\n        <div class=\"entry-image-ratio\" style=\"padding-bottom: 66.894531% !important;\"><img loading=\"lazy\" decoding=\"async\" width=\"1024\" height=\"685\" src=\"https:\/\/lenamitsolidou-art.com\/wp-content\/uploads\/2022\/10\/IMG_2717-1024x685.png\" class=\"attachment-large size-large\" alt=\"\" srcset=\"https:\/\/lenamitsolidou-art.com\/wp-content\/uploads\/2022\/10\/IMG_2717-1024x685.png 1024w, https:\/\/lenamitsolidou-art.com\/wp-content\/uploads\/2022\/10\/IMG_2717-300x201.png 300w, https:\/\/lenamitsolidou-art.com\/wp-content\/uploads\/2022\/10\/IMG_2717-768x514.png 768w, https:\/\/lenamitsolidou-art.com\/wp-content\/uploads\/2022\/10\/IMG_2717-1536x1028.png 1536w, https:\/\/lenamitsolidou-art.com\/wp-content\/uploads\/2022\/10\/IMG_2717-600x400.png 600w, https:\/\/lenamitsolidou-art.com\/wp-content\/uploads\/2022\/10\/IMG_2717.png 2032w\" sizes=\"auto, (max-width: 1024px) 100vw, 1024px\" \/><\/div>\t\t            <div class=\"gallery-item-details d-flex align-items-center\">\n                <div class=\"gallery-item-details-inner\">\n                                            <h4 class=\"gallery-item-title\">Nora, 2022<\/h4>\n                                                                <div class=\"gallery-item-subtitle\"><span>Art \u00e0 porter, vue de devant<\/span><\/div>\n                                    <\/div>\n            <\/div>\n            <div class=\"gallery-item_overlay_bg\"><\/div>\n        \t\t<a title=\"Nora, 2022\" class=\"gs-popup-link\" data-type=\"image\" data-mfp-src=https:\/\/lenamitsolidou-art.com\/wp\/wp-content\/uploads\/2022\/10\/IMG_2717.png  rel=\"nofollow\"><\/a>\t<\/div>\n<\/div>\n            <\/div>\n        <\/div>\n    \t\t        <div class=\"iso-item col-lg-4 \" data-col-num=\"3-columns\">\n            <div class=\"gs-gallery-item wow gsFadeIn\" >\n\t            <div class=\"gallery-item-inner type-info-overlay gs-popup\">\n\t\t<div class=\"gallery-item-thumbnail-holder\">\n        <div class=\"entry-image-ratio\" style=\"padding-bottom: 139.509537% !important;\"><img loading=\"lazy\" decoding=\"async\" width=\"734\" height=\"1024\" src=\"https:\/\/lenamitsolidou-art.com\/wp-content\/uploads\/2022\/10\/311439517_816255239690370_3548801898908416568_n-734x1024.jpg\" class=\"attachment-large size-large\" alt=\"\" srcset=\"https:\/\/lenamitsolidou-art.com\/wp-content\/uploads\/2022\/10\/311439517_816255239690370_3548801898908416568_n-734x1024.jpg 734w, https:\/\/lenamitsolidou-art.com\/wp-content\/uploads\/2022\/10\/311439517_816255239690370_3548801898908416568_n-215x300.jpg 215w, https:\/\/lenamitsolidou-art.com\/wp-content\/uploads\/2022\/10\/311439517_816255239690370_3548801898908416568_n-768x1071.jpg 768w, https:\/\/lenamitsolidou-art.com\/wp-content\/uploads\/2022\/10\/311439517_816255239690370_3548801898908416568_n-1102x1536.jpg 1102w, https:\/\/lenamitsolidou-art.com\/wp-content\/uploads\/2022\/10\/311439517_816255239690370_3548801898908416568_n.jpg 1314w\" sizes=\"auto, (max-width: 734px) 100vw, 734px\" \/><\/div>\t\t            <div class=\"gallery-item-details d-flex align-items-center\">\n                <div class=\"gallery-item-details-inner\">\n                                            <h4 class=\"gallery-item-title\">Nora, 2022<\/h4>\n                                                                <div class=\"gallery-item-subtitle\"><span>Art \u00e0 porter, vue de derri\u00e8re <\/span><\/div>\n                                    <\/div>\n            <\/div>\n            <div class=\"gallery-item_overlay_bg\"><\/div>\n        \t\t<a title=\"Nora, 2022\" class=\"gs-popup-link\" data-type=\"image\" data-mfp-src=https:\/\/lenamitsolidou-art.com\/wp\/wp-content\/uploads\/2022\/10\/311439517_816255239690370_3548801898908416568_n.jpg  ><\/a>\t<\/div>\n<\/div>\n            <\/div>\n        <\/div>\n    \t\t        <div class=\"iso-item col-lg-4 \" data-col-num=\"3-columns\">\n            <div class=\"gs-gallery-item wow gsFadeIn\" >\n\t            <div class=\"gallery-item-inner type-info-overlay gs-popup\">\n\t\t<div class=\"gallery-item-thumbnail-holder\">\n        <div class=\"entry-image-ratio\" style=\"padding-bottom: 102.560455% !important;\"><img loading=\"lazy\" decoding=\"async\" width=\"703\" height=\"721\" src=\"https:\/\/lenamitsolidou-art.com\/wp-content\/uploads\/2022\/11\/315473763_663832788655054_976909293191440321_n.jpg\" class=\"attachment-large size-large\" alt=\"\" srcset=\"https:\/\/lenamitsolidou-art.com\/wp-content\/uploads\/2022\/11\/315473763_663832788655054_976909293191440321_n.jpg 703w, https:\/\/lenamitsolidou-art.com\/wp-content\/uploads\/2022\/11\/315473763_663832788655054_976909293191440321_n-293x300.jpg 293w\" sizes=\"auto, (max-width: 703px) 100vw, 703px\" \/><\/div>\t\t            <div class=\"gallery-item-details d-flex align-items-center\">\n                <div class=\"gallery-item-details-inner\">\n                                            <h4 class=\"gallery-item-title\">Sophia, 2019<\/h4>\n                                                                <div class=\"gallery-item-subtitle\"><span>Art \u00e0 porter<\/span><\/div>\n                                    <\/div>\n            <\/div>\n            <div class=\"gallery-item_overlay_bg\"><\/div>\n        \t\t<a title=\"Sophia, 2019\" class=\"gs-popup-link\" data-type=\"image\" data-mfp-src=https:\/\/lenamitsolidou-art.com\/wp\/wp-content\/uploads\/2022\/11\/315473763_663832788655054_976909293191440321_n.jpg  ><\/a>\t<\/div>\n<\/div>\n            <\/div>\n        <\/div>\n    <\/div>\n\n\n                <\/div>\n            <\/div>\n        \t\t<\/div>\n\t\t\t\t<\/div>\n\t\t\t\t\t<\/div>\n\t\t<\/div>\n\t\t\t\t\t\t\t<\/div>\n\t\t<\/section>\n\t\t\t\t\t<\/div>\n\t\t<\/div>\n\t\t\t\t\t\t\t<\/div>\n\t\t<\/section>\n\t\t\t\t\t\t\t<\/div>\n\t\t","protected":false},"excerpt":{"rendered":"<p>Nora, 2022 Art \u00e0 porter, vue de devant Nora, 2022 Art \u00e0 porter, vue de derri\u00e8re Sophia, 2019 Art \u00e0 porter<\/p>\n","protected":false},"author":1,"featured_media":0,"parent":0,"menu_order":0,"comment_status":"closed","ping_status":"closed","template":"","meta":{"footnotes":""},"class_list":["post-2166","page","type-page","status-publish","hentry"],"acf":[],"_links":{"self":[{"href":"https:\/\/lenamitsolidou-art.com\/index.php?rest_route=\/wp\/v2\/pages\/2166","targetHints":{"allow":["GET"]}}],"collection":[{"href":"https:\/\/lenamitsolidou-art.com\/index.php?rest_route=\/wp\/v2\/pages"}],"about":[{"href":"https:\/\/lenamitsolidou-art.com\/index.php?rest_route=\/wp\/v2\/types\/page"}],"author":[{"embeddable":true,"href":"https:\/\/lenamitsolidou-art.com\/index.php?rest_route=\/wp\/v2\/users\/1"}],"replies":[{"embeddable":true,"href":"https:\/\/lenamitsolidou-art.com\/index.php?rest_route=%2Fwp%2Fv2%2Fcomments&post=2166"}],"version-history":[{"count":46,"href":"https:\/\/lenamitsolidou-art.com\/index.php?rest_route=\/wp\/v2\/pages\/2166\/revisions"}],"predecessor-version":[{"id":3108,"href":"https:\/\/lenamitsolidou-art.com\/index.php?rest_route=\/wp\/v2\/pages\/2166\/revisions\/3108"}],"wp:attachment":[{"href":"https:\/\/lenamitsolidou-art.com\/index.php?rest_route=%2Fwp%2Fv2%2Fmedia&parent=2166"}],"curies":[{"name":"wp","href":"https:\/\/api.w.org\/{rel}","templated":true}]}}